{"id":11,"date":"2015-12-09T05:45:21","date_gmt":"2015-12-09T05:45:21","guid":{"rendered":"http:\/\/12tribus.net\/escritura\/?page_id=6"},"modified":"2019-08-01T11:26:42","modified_gmt":"2019-08-01T15:26:42","slug":"los-libros-sagrados","status":"publish","type":"page","link":"https:\/\/12tribus.net\/escritura\/","title":{"rendered":"Los Libros Sagrados"},"content":{"rendered":"<div class=\"frontpage\">\n<h2>La Ley y Los Profetas<\/h2>\n<ol>\n<li><strong><a href=\"http:\/\/12tribus.net\/escritura\/genesis\">G\u00e9nesis<\/a><\/strong><\/li>\n<li><strong><a href=\"http:\/\/12tribus.net\/escritura\/exodo\">\u00c9xodo<\/a><\/strong><\/li>\n<li><strong><a href=\"http:\/\/12tribus.net\/escritura\/levitico\">Lev\u00edtico<\/a><\/strong><\/li>\n<li><strong><a href=\"http:\/\/12tribus.net\/escritura\/numeros\">N\u00fameros<\/a><\/strong><\/li>\n<li><strong><a href=\"http:\/\/12tribus.net\/escritura\/deuteronomio\">Deuteronomio<\/a><\/strong><\/li>\n<li><strong><a href=\"http:\/\/12tribus.net\/escritura\/josue\">Josu\u00e9<\/a><\/strong><\/li>\n<li><strong><a href=\"http:\/\/12tribus.net\/escritura\/jueces\">Jueces<\/a><\/strong><\/li>\n<li><strong><a href=\"http:\/\/12tribus.net\/escritura\/rut\">Rut<\/a><\/strong><\/li>\n<li><strong><a href=\"http:\/\/12tribus.net\/escritura\/1samuel\">1 Samuel<\/a><\/strong><\/li>\n<li><strong><a href=\"http:\/\/12tribus.net\/escritura\/2samuel\">2 Samuel<\/a><\/strong><\/li>\n<li><strong><a href=\"http:\/\/12tribus.net\/escritura\/1reyes\">1 Reyes<\/a><\/strong><\/li>\n<li><strong><a href=\"http:\/\/12tribus.net\/escritura\/2reyes\">2 Reyes<\/a><\/strong><\/li>\n<li><strong><a href=\"http:\/\/12tribus.net\/escritura\/1cronicas\">1 Cr\u00f3nicas<\/a><\/strong><\/li>\n<li><strong><a href=\"http:\/\/12tribus.net\/escritura\/2cronicas\">2 Cr\u00f3nicas<\/a><\/strong><\/li>\n<li><strong><a href=\"http:\/\/12tribus.net\/escritura\/esdras\">Esdras<\/a><\/strong><\/li>\n<li><strong><a href=\"http:\/\/12tribus.net\/escritura\/nehemias\">Nehem\u00edas<\/a><\/strong><\/li>\n<li><strong><a href=\"http:\/\/12tribus.net\/escritura\/ester\">Ester<\/a><\/strong><\/li>\n<li><strong><a href=\"http:\/\/12tribus.net\/escritura\/job\">Job<\/a><\/strong><\/li>\n<li><strong><a href=\"http:\/\/12tribus.net\/escritura\/salmos\">Salmos<\/a><\/strong><\/li>\n<li><strong><a href=\"http:\/\/12tribus.net\/escritura\/proverbios\">Proverbios<\/a><\/strong><\/li>\n<li><strong><a href=\"http:\/\/12tribus.net\/escritura\/eclesiastes\">Eclesiast\u00e9s<\/a><\/strong><\/li>\n<li><strong><a href=\"http:\/\/12tribus.net\/escritura\/cantares\">Cantar de los Cantares<\/a><\/strong><\/li>\n<li><strong><a href=\"http:\/\/12tribus.net\/escritura\/isaias\">Isa\u00edas<\/a><\/strong><\/li>\n<li><strong><a href=\"http:\/\/12tribus.net\/escritura\/jeremias\">Jerem\u00edas<\/a><\/strong><\/li>\n<li><strong><a href=\"http:\/\/12tribus.net\/escritura\/lamentaciones\">Lamentaciones<\/a><\/strong><\/li>\n<li><strong><a href=\"http:\/\/12tribus.net\/escritura\/ezequiel\">Ezequiel<\/a><\/strong><\/li>\n<li><strong><a href=\"http:\/\/12tribus.net\/escritura\/daniel\">Daniel<\/a><\/strong><\/li>\n<li><strong><a href=\"http:\/\/12tribus.net\/escritura\/oseas\">Oseas<\/a><\/strong><\/li>\n<li><strong><a href=\"http:\/\/12tribus.net\/escritura\/joel\">Joel<\/a><\/strong><\/li>\n<li><strong><a href=\"http:\/\/12tribus.net\/escritura\/amos\">Am\u00f3s<\/a><\/strong><\/li>\n<li><strong><a href=\"http:\/\/12tribus.net\/escritura\/oba01\">Abd\u00edas<\/a><\/strong><\/li>\n<li><strong><a href=\"http:\/\/12tribus.net\/escritura\/jonas\">Jon\u00e1s<\/a><\/strong><\/li>\n<li><strong><a href=\"http:\/\/12tribus.net\/escritura\/miqueas\">Miqueas<\/a><\/strong><\/li>\n<li><strong><a href=\"http:\/\/12tribus.net\/escritura\/nahum\">Nahum<\/a><\/strong><\/li>\n<li><strong><a href=\"http:\/\/12tribus.net\/escritura\/habacuc\">Habacuc<\/a><\/strong><\/li>\n<li><strong><a href=\"http:\/\/12tribus.net\/escritura\/sofonias\">Sofon\u00edas<\/a><\/strong><\/li>\n<li><strong><a href=\"http:\/\/12tribus.net\/escritura\/hageo\">Hageo<\/a><\/strong><\/li>\n<li><strong><a href=\"http:\/\/12tribus.net\/escritura\/zacarias\">Zacar\u00edas<\/a><\/strong><\/li>\n<li><strong><a href=\"http:\/\/12tribus.net\/escritura\/malaquias\">Malaqu\u00edas<\/a> <\/strong><\/li>\n<\/ol>\n<p>&nbsp;<\/p>\n<p>&nbsp;<\/p>\n<h2>Los Ap\u00f3crifos<\/h2>\n<li style=\"text-align: center;\"><strong><a href=\"http:\/\/12t.co\/doc\/apocrifa-v1.pdf\">Los libros Ap\u00f3crifos<\/a><\/strong><\/li>\n<ol>\n<!---\n \t\n\n<li><strong><a href=\"http:\/\/12tribus.net\/escritura\/1esdras\">1 Esdras<\/a><\/strong><\/li>\n\n\n \t\n\n<li><strong><a href=\"http:\/\/12tribus.net\/escritura\/2esdras\">2 Esdras<\/a><\/strong><\/li>\n\n\n \t\n\n<li><strong><a href=\"http:\/\/12tribus.net\/escritura\/tobias\">Tobias<\/a><\/strong><\/li>\n\n\n \t\n\n<li><strong><a href=\"http:\/\/12tribus.net\/escritura\/judith\">Judith<\/a><\/strong><\/li>\n\n\n \t\n\n<li><strong><a href=\"http:\/\/12tribus.net\/escritura\/esther(griego)\">Esther (griego)<\/a><\/strong><\/li>\n\n\n \t\n\n<li><strong><a href=\"http:\/\/12tribus.net\/escritura\/wisdom\">Sabiduria de Salomon<\/a><\/strong><\/li>\n\n\n \t\n\n<li><strong><a href=\"http:\/\/12tribus.net\/escritura\/ecclesiastico\">Ecclesiastico (Sirach)<\/a><\/strong><\/li>\n\n\n \t\n\n<li><strong><a href=\"http:\/\/12tribus.net\/escritura\/baruch\">Baruch<\/a><\/strong><\/li>\n\n\n \t\n\n<li><strong><a href=\"http:\/\/12tribus.net\/escritura\/c3m01\">Cantico de los Tres Mancebos<\/a><\/strong><\/li>\n\n\n \t\n\n<li><strong><a href=\"http:\/\/12tribus.net\/escritura\/sus01\">Susanna<\/a><\/strong><\/li>\n\n\n \t\n\n<li><strong><a href=\"http:\/\/12tribus.net\/escritura\/bel01\">Bel y del Dragon<\/a><\/strong><\/li>\n\n\n \t\n\n<li><strong><a href=\"http:\/\/12tribus.net\/escritura\/man01\">Oraci\u00f3n de Manasses<\/a><\/strong><\/li>\n\n\n \t\n\n<li><strong><a href=\"http:\/\/12tribus.net\/escritura\/1machabeos\">1 Machabeos<\/a><\/strong><\/li>\n\n\n \t\n\n<li><strong><a href=\"http:\/\/12tribus.net\/escritura\/2machabeos\">2 Machabeos<\/a><\/strong><\/li>\n\n\n-->\n<\/ol>\n<p>&nbsp;<\/p>\n<p>&nbsp;<\/p>\n<h2>Las Escrituras del Nuevo Pacto<\/h2>\n<ol>\n<li><strong><a href=\"http:\/\/12tribus.net\/escritura\/mateo\">Mateo<\/a><\/strong><\/li>\n<li><strong><a href=\"http:\/\/12tribus.net\/escritura\/marcos\">Marcos<\/a><\/strong><\/li>\n<li><strong><a href=\"http:\/\/12tribus.net\/escritura\/lucas\">Lucas<\/a><\/strong><\/li>\n<li><strong><a href=\"http:\/\/12tribus.net\/escritura\/juan\">Juan<\/a><\/strong><\/li>\n<li><strong><a href=\"http:\/\/12tribus.net\/escritura\/hechos\">Hechos<\/a><\/strong><\/li>\n<li><strong><a href=\"http:\/\/12tribus.net\/escritura\/romanos\">Romanos<\/a><\/strong><\/li>\n<li><strong><a href=\"http:\/\/12tribus.net\/escritura\/1corintios\">1 Corintios<\/a><\/strong><\/li>\n<li><strong><a href=\"http:\/\/12tribus.net\/escritura\/2corintios\">2 Corintios<\/a><\/strong><\/li>\n<li><strong><a href=\"http:\/\/12tribus.net\/escritura\/galatas\">G\u00e1latas<\/a><\/strong><\/li>\n<li><strong><a href=\"http:\/\/12tribus.net\/escritura\/efesios\">Efesios<\/a><\/strong><\/li>\n<li><strong><a href=\"http:\/\/12tribus.net\/escritura\/filipenses\">Filipenses<\/a><\/strong><\/li>\n<li><strong><a href=\"http:\/\/12tribus.net\/escritura\/colosenses\">Colosenses<\/a><\/strong><\/li>\n<li><strong><a href=\"http:\/\/12tribus.net\/escritura\/1tesalonicenses\">1 Tesalonicenses<\/a><\/strong><\/li>\n<li><strong><a href=\"http:\/\/12tribus.net\/escritura\/2tesalonicenses\">2 Tesalonicenses<\/a><\/strong><\/li>\n<li><strong><a href=\"http:\/\/12tribus.net\/escritura\/1timoteo\">1 Timoteo<\/a><\/strong><\/li>\n<li><strong><a href=\"http:\/\/12tribus.net\/escritura\/2timoteo\">2 Timoteo<\/a><\/strong><\/li>\n<li><strong><a href=\"http:\/\/12tribus.net\/escritura\/tito\">Tito<\/a><\/strong><\/li>\n<li><strong><a href=\"http:\/\/12tribus.net\/escritura\/phm01\">Filem\u00f3n<\/a><\/strong><\/li>\n<li><strong><a href=\"http:\/\/12tribus.net\/escritura\/hebreos\">Hebreos<\/a><\/strong><\/li>\n<li><strong><a href=\"http:\/\/12tribus.net\/escritura\/santiago\">Santiago<\/a><\/strong><\/li>\n<li><strong><a href=\"http:\/\/12tribus.net\/escritura\/1pedro\">1 Pedro<\/a><\/strong><\/li>\n<li><strong><a href=\"http:\/\/12tribus.net\/escritura\/2pedro\">2 Pedro<\/a><\/strong><\/li>\n<li><strong><a href=\"http:\/\/12tribus.net\/escritura\/1juan\">1 Juan<\/a><\/strong><\/li>\n<li><strong><a href=\"http:\/\/12tribus.net\/escritura\/2jn01\">2 Juan<\/a><\/strong><\/li>\n<li><strong><a href=\"http:\/\/12tribus.net\/escritura\/3jn01\">3 Juan<\/a><\/strong><\/li>\n<li><strong><a href=\"http:\/\/12tribus.net\/escritura\/jud01\">Judas<\/a><\/strong><\/li>\n<li><strong><a href=\"http:\/\/12tribus.net\/escritura\/apocalipsis\">Apocalipsis<\/a> <\/strong><\/li>\n<\/ol>\n<\/div>\n","protected":false},"excerpt":{"rendered":"<p>La Ley y Los Profetas G\u00e9nesis \u00c9xodo Lev\u00edtico N\u00fameros Deuteronomio Josu\u00e9 Jueces Rut 1 Samuel 2 Samuel 1 Reyes 2 Reyes 1 Cr\u00f3nicas 2 Cr\u00f3nicas Esdras Nehem\u00edas Ester Job Salmos Proverbios Eclesiast\u00e9s Cantar de los Cantares Isa\u00edas Jerem\u00edas Lamentaciones Ezequiel Daniel Oseas Joel Am\u00f3s Abd\u00edas Jon\u00e1s Miqueas Nahum Habacuc Sofon\u00edas Hageo Zacar\u00edas Malaqu\u00edas &nbsp; &nbsp; Los Ap\u00f3crifos Los libros Ap\u00f3crifos &nbsp; &nbsp; Las Escrituras del Nuevo Pacto Mateo Marcos Lucas Juan Hechos Romanos 1 Corintios 2 Corintios G\u00e1latas Efesios Filipenses Colosenses 1 Tesalonicenses 2 Tesalonicenses 1 Timoteo 2 Timoteo Tito Filem\u00f3n Hebreos Santiago 1 Pedro 2 Pedro 1 Juan 2 Juan 3 Juan Judas Apocalipsis<\/p>\n","protected":false},"author":1,"featured_media":0,"parent":0,"menu_order":0,"comment_status":"closed","ping_status":"closed","template":"","meta":{"jetpack_post_was_ever_published":false,"footnotes":""},"class_list":["post-11","page","type-page","status-publish","hentry"],"jetpack_sharing_enabled":true,"_links":{"self":[{"href":"https:\/\/12tribus.net\/escritura\/wp-json\/wp\/v2\/pages\/11","targetHints":{"allow":["GET"]}}],"collection":[{"href":"https:\/\/12tribus.net\/escritura\/wp-json\/wp\/v2\/pages"}],"about":[{"href":"https:\/\/12tribus.net\/escritura\/wp-json\/wp\/v2\/types\/page"}],"author":[{"embeddable":true,"href":"https:\/\/12tribus.net\/escritura\/wp-json\/wp\/v2\/users\/1"}],"replies":[{"embeddable":true,"href":"https:\/\/12tribus.net\/escritura\/wp-json\/wp\/v2\/comments?post=11"}],"version-history":[{"count":19,"href":"https:\/\/12tribus.net\/escritura\/wp-json\/wp\/v2\/pages\/11\/revisions"}],"predecessor-version":[{"id":7039,"href":"https:\/\/12tribus.net\/escritura\/wp-json\/wp\/v2\/pages\/11\/revisions\/7039"}],"wp:attachment":[{"href":"https:\/\/12tribus.net\/escritura\/wp-json\/wp\/v2\/media?parent=11"}],"curies":[{"name":"wp","href":"https:\/\/api.w.org\/{rel}","templated":true}]}}