{"id":6477,"date":"2017-01-08T13:46:55","date_gmt":"2017-01-08T18:46:55","guid":{"rendered":"https:\/\/12tribus.net\/escritura\/?page_id=6477"},"modified":"2022-07-08T13:06:32","modified_gmt":"2022-07-08T17:06:32","slug":"bajar-apocrifa","status":"publish","type":"page","link":"https:\/\/12tribus.net\/escritura\/bajar-apocrifa\/","title":{"rendered":"Bajar Ap\u00f3crifa"},"content":{"rendered":"<p lang=\"es-DO\" align=\"center\"><span style=\"font-family: Georgia;\"><a href=\"http:\/\/12t.co\/doc\/apocrifa.pdf\">Oprima aqui para Bajar la Ap\u00f3crifa<\/a><\/span><\/p>\n<p lang=\"es-DO\" align=\"right\">08\/01\/17<\/p>\n<p lang=\"es-DO\"><a name=\"V191\"><\/a> <span style=\"font-family: Georgia;\">La primera traducci\u00f3n de la Biblia en 1569 por Casiodoro de Reina conten\u00eda catorce libros llamados ap\u00f3crifos. Despu\u00e9s de tanto tiempo siendo parte de la Biblia, hoy en d\u00eda es casi imposible encontrar estos sagrado libros. <b>Apocalipsis 22:18<\/b> <i>\u201cPorque yo protesto \u00e1 cualquiera que oye las palabras de la profec\u00eda de este libro: Si alguno a\u00f1adiere \u00e1 estas cosas, Dios pondr\u00e1 sobre \u00e9l las plagas que est\u00e1n escritas en este libro.\u201d <\/i><b>Verso<\/b><b> 19: <\/b><i>\u201cY si alguno quitare de las palabras del libro de esta profec\u00eda, Dios quitar\u00e1 su parte del libro de la vida, y de la santa ciudad, y de las cosas que est\u00e1n escritas en este libro.\u201d<\/i> <\/span><\/p>\n<p lang=\"es-DO\"><span style=\"font-family: Georgia;\">Si usted desea leer la palabras de Dios completamente entonces encontr\u00f3 un tesoro. Desde la primera traducci\u00f3n de 1569 tenemos aqu\u00ed la Ap\u00f3crifa (Apocrypha) gratis para bajar en cualquier aparato (computadora, celular, etc..). El archivo esta en formato PDF, f\u00e1cil para imprimir. <\/span><\/p>\n<p lang=\"es-DO\"><span style=\"font-family: Georgia;\">***Por su informaci\u00f3n esta pagina sera actualizado con mas contenido.<\/span><\/p>\n<p>&nbsp;<\/p>\n","protected":false},"excerpt":{"rendered":"<p>Oprima aqui para Bajar la Ap\u00f3crifa 08\/01\/17 La primera traducci\u00f3n de la Biblia en 1569 por Casiodoro de Reina conten\u00eda catorce libros llamados ap\u00f3crifos. Despu\u00e9s de tanto tiempo siendo parte de la Biblia, hoy en d\u00eda es casi imposible encontrar estos sagrado libros. Apocalipsis 22:18 \u201cPorque yo protesto \u00e1 cualquiera que oye las palabras de la profec\u00eda de este libro: Si alguno a\u00f1adiere \u00e1 estas cosas, Dios pondr\u00e1 sobre \u00e9l las plagas que est\u00e1n escritas en este libro.\u201d Verso 19: \u201cY si alguno quitare de las palabras del libro de esta profec\u00eda, Dios quitar\u00e1 su parte del libro de la vida, y de la santa ciudad, y de las cosas que est\u00e1n escritas en este libro.\u201d Si usted desea leer la palabras de Dios completamente entonces encontr\u00f3 un tesoro. Desde la primera traducci\u00f3n de 1569 tenemos aqu\u00ed la Ap\u00f3crifa (Apocrypha) gratis para bajar en cualquier aparato (computadora, celular, etc..). El archivo esta en formato PDF, f\u00e1cil para imprimir. ***Por su informaci\u00f3n esta pagina sera actualizado con mas contenido. &nbsp;<\/p>\n","protected":false},"author":1,"featured_media":0,"parent":0,"menu_order":0,"comment_status":"closed","ping_status":"closed","template":"","meta":{"jetpack_post_was_ever_published":false,"footnotes":""},"class_list":["post-6477","page","type-page","status-publish","hentry"],"jetpack_sharing_enabled":true,"_links":{"self":[{"href":"https:\/\/12tribus.net\/escritura\/wp-json\/wp\/v2\/pages\/6477","targetHints":{"allow":["GET"]}}],"collection":[{"href":"https:\/\/12tribus.net\/escritura\/wp-json\/wp\/v2\/pages"}],"about":[{"href":"https:\/\/12tribus.net\/escritura\/wp-json\/wp\/v2\/types\/page"}],"author":[{"embeddable":true,"href":"https:\/\/12tribus.net\/escritura\/wp-json\/wp\/v2\/users\/1"}],"replies":[{"embeddable":true,"href":"https:\/\/12tribus.net\/escritura\/wp-json\/wp\/v2\/comments?post=6477"}],"version-history":[{"count":5,"href":"https:\/\/12tribus.net\/escritura\/wp-json\/wp\/v2\/pages\/6477\/revisions"}],"predecessor-version":[{"id":6481,"href":"https:\/\/12tribus.net\/escritura\/wp-json\/wp\/v2\/pages\/6477\/revisions\/6481"}],"wp:attachment":[{"href":"https:\/\/12tribus.net\/escritura\/wp-json\/wp\/v2\/media?parent=6477"}],"curies":[{"name":"wp","href":"https:\/\/api.w.org\/{rel}","templated":true}]}}